{"id":166,"date":"2024-03-21T19:16:56","date_gmt":"2024-03-21T19:16:56","guid":{"rendered":"https:\/\/spragueoperati.wpenginepowered.com\/?page_id=166"},"modified":"2025-06-30T18:30:52","modified_gmt":"2025-06-30T18:30:52","slug":"marine-fuel","status":"publish","type":"page","link":"https:\/\/www.spragueenergy.com\/fr\/kildair\/carburants-marins\/","title":{"rendered":"Carburants Marins"},"content":{"rendered":"<h1>\n\t\t\t\t\t\tNatural Gas\t\t\t\t\t<\/h1>\n\t\t\t\t<img width=\"1387\" height=\"550\" data-src=\"https:\/\/www.spragueenergy.com\/wp-content\/uploads\/2024\/04\/Marine-Fuel.jpg\" alt=\"White semi-truck with the Kildair logo parked beside a large red cargo ship, engaged in loading or unloading operations at a port.\" decoding=\"async\" data-srcset=\"https:\/\/b3679122.smushcdn.com\/3679122\/wp-content\/uploads\/2024\/04\/Marine-Fuel.jpg?lossy=2&amp;strip=1&amp;webp=1 1387w, https:\/\/b3679122.smushcdn.com\/3679122\/wp-content\/uploads\/2024\/04\/Marine-Fuel-300x119.jpg?lossy=2&amp;strip=1&amp;webp=1 300w, https:\/\/b3679122.smushcdn.com\/3679122\/wp-content\/uploads\/2024\/04\/Marine-Fuel-1024x406.jpg?lossy=2&amp;strip=1&amp;webp=1 1024w, https:\/\/b3679122.smushcdn.com\/3679122\/wp-content\/uploads\/2024\/04\/Marine-Fuel-768x305.jpg?lossy=2&amp;strip=1&amp;webp=1 768w, https:\/\/b3679122.smushcdn.com\/3679122\/wp-content\/uploads\/2024\/04\/Marine-Fuel-18x7.jpg?lossy=2&amp;strip=1&amp;webp=1 18w, https:\/\/b3679122.smushcdn.com\/3679122\/wp-content\/uploads\/2024\/04\/Marine-Fuel-800x317.jpg?lossy=2&amp;strip=1&amp;webp=1 800w\" data-sizes=\"(max-width: 1387px) 100vw, 1387px\" src=\"data:image\/svg+xml;base64,PHN2ZyB3aWR0aD0iMSIgaGVpZ2h0PSIxIiB4bWxucz0iaHR0cDovL3d3dy53My5vcmcvMjAwMC9zdmciPjwvc3ZnPg==\" class=\"lazyload\" style=\"--smush-placeholder-width: 1387px; --smush-placeholder-aspect-ratio: 1387\/550;\" \/>\t\t\t\n<h2>\n\t\tKildair offre une vaste gamme de carburants marins\n\t<\/h2>\n\t<p>Kildair offre une vaste gamme de carburants marins. Nous sommes en mesure de formuler diff\u00e9rents produits en terme de viscosit\u00e9, taux de soufre et en m\u00e9taux.<\/p>\n<p>Depuis la fin de 2016, nous avons adapt\u00e9 notre offre de carburants afin de rencontrer les exigences des zones ECA et la nouvelle exigence IMO 2020, ayant en t\u00eate d\u2019offrir des produits stables minimisant les probl\u00e8mes potentiels de contamination, tout en am\u00e9liorant la performance environnementale de nos clients en conjonction avec une bonne performance op\u00e9rationnelle.<\/p>\n<p>Ainsi, depuis 2019, Kildair offre le mazout \u00e0 tr\u00e8s basse teneur en soufre (0,5% VLSFO) ainsi que du di\u00e9sel marin, tout en demeurant en mesure d\u2019offrir du mazout \u00e0 plus haute teneur en soufre pour les navires \u00e9quip\u00e9s d\u2019\u00e9purateurs.<\/p>\n<p class=\"translation-block\">Nos produits rencontrent la norme \u00a0<a href=\"https:\/\/spragueoperati.wpenginepowered.com\/fr\/kildair\/certifications\/\" target=\"_self\">ISO8217: 2017 certification<\/a>.<\/p>\n<p>Kildair s\u2019appuie sur ses installations de classe mondiale, nous permettant de diversifier les sources d\u2019approvisionnements pour assurer la qualit\u00e9 et la quantit\u00e9 n\u00e9cessaire et assurant notre client\u00e8le du segment marin de pouvoir compter sur un partenaire solide pour les approvisionner dans la r\u00e9gion de la voie maritime du St-Laurent.<\/p>\n<p>Notre engagement \u00e0 servir le march\u00e9 des carburants marins est total et nous retirons beaucoup de fiert\u00e9 \u00e0 \u00eatre un fournisseur de choix pour les r\u00e9gions que nous desservons.<\/p>\n\t\t\t\t<img decoding=\"async\" data-src=\"https:\/\/www.spragueenergy.com\/wp-content\/uploads\/2024\/04\/Photo-Port-de-MTL-2-1024x784.jpg\" alt=\"A fuel tanker truck is connected to a large red cargo ship for fueling operations at a port. Equipment and hoses are set up on the ground, with safety cones marking the area.\" itemprop=\"image\" height=\"784\" width=\"1024\" title=\"Photo-Port-de-MTL-2\" onerror=\"this.style.display='none'\" src=\"data:image\/svg+xml;base64,PHN2ZyB3aWR0aD0iMSIgaGVpZ2h0PSIxIiB4bWxucz0iaHR0cDovL3d3dy53My5vcmcvMjAwMC9zdmciPjwvc3ZnPg==\" class=\"lazyload\" style=\"--smush-placeholder-width: 1024px; --smush-placeholder-aspect-ratio: 1024\/784;\" \/>\n\t\t\t\t<img decoding=\"async\" data-src=\"https:\/\/www.spragueenergy.com\/wp-content\/uploads\/2024\/04\/kildair-service-logo.png\" alt=\"kildair service logo\" itemprop=\"image\" height=\"106\" width=\"172\" title=\"kildair service logo\" onerror=\"this.style.display='none'\" src=\"data:image\/svg+xml;base64,PHN2ZyB3aWR0aD0iMSIgaGVpZ2h0PSIxIiB4bWxucz0iaHR0cDovL3d3dy53My5vcmcvMjAwMC9zdmciPjwvc3ZnPg==\" class=\"lazyload\" style=\"--smush-placeholder-width: 172px; --smush-placeholder-aspect-ratio: 172\/106;\" \/>\n<h2>\n\t\tAssociez-vous \u00e0 Kildair\n\t<\/h2>\n\t<p>\u00c0 titre de chef de file r\u00e9gional de l\u2019industrie du bitume et des mazouts lourds sp\u00e9cialis\u00e9s, Kildair offre un \u00e9ventail \u00e9largi de produits et services sp\u00e9cialis\u00e9s et adapt\u00e9s. Nous travaillons avec nos clients afin de fournir des solutions adapt\u00e9es \u00e0 leurs d\u00e9fis d\u2019affaires afin d\u2019agir \u00e0 titre de partenaires pour leurs besoins \u00e9nerg\u00e9tiques. Notre but est de d\u00e9passer leurs attentes de fa\u00e7on constante afin de m\u00e9riter leur confiance \u00e0 chaque transaction.<\/p>\n<p>Veuillez prendre note que pour le moment Kildair dessert uniquement les entreprises<\/p>\n\t\n    <div class=\"fl-builder-content fl-builder-content-46294 fl-builder-template fl-builder-module-template fl-builder-global-templates-locked\" data-post-id=\"46294\"><div class=\"fl-module fl-module-spe-module-pardot-form fl-node-vbrejzoqigys\" data-node=\"vbrejzoqigys\">\n\t<div class=\"fl-module-content fl-node-content\">\n\t\t\n\t\n\t<div \n\t\tclass=\"pardot-form-init\" \n\t\tdata-iframe-id=\"pardot-form-vbrejzoqigys\"\n\t\tdata-iframe-src=\"https:\/\/go.spragueenergy.com\/l\/297602\/2020-08-21\/2k8dnt\"><\/div>\n\n\t<\/div>\n<\/div>\n<\/div><div class=\"uabb-js-breakpoint\" style=\"display: none;\"><\/div>\n\n\n\t\t\t\t<img decoding=\"async\" data-src=\"https:\/\/www.spragueenergy.com\/wp-content\/uploads\/2024\/04\/kildair-service-logo.png\" alt=\"kildair service logo\" itemprop=\"image\" height=\"106\" width=\"172\" title=\"kildair service logo\" onerror=\"this.style.display='none'\" src=\"data:image\/svg+xml;base64,PHN2ZyB3aWR0aD0iMSIgaGVpZ2h0PSIxIiB4bWxucz0iaHR0cDovL3d3dy53My5vcmcvMjAwMC9zdmciPjwvc3ZnPg==\" class=\"lazyload\" style=\"--smush-placeholder-width: 172px; --smush-placeholder-aspect-ratio: 172\/106;\" \/>\n<h2>\n\t\tAssociez-vous \u00e0 Kildair\n\t<\/h2>\n\t<p>\u00c0 titre de chef de file r\u00e9gional de l\u2019industrie du bitume et des mazouts lourds sp\u00e9cialis\u00e9s, Kildair offre un \u00e9ventail \u00e9largi de produits et services sp\u00e9cialis\u00e9s et adapt\u00e9s. Nous travaillons avec nos clients afin de fournir des solutions adapt\u00e9es \u00e0 leurs d\u00e9fis d\u2019affaires afin d\u2019agir \u00e0 titre de partenaires pour leurs besoins \u00e9nerg\u00e9tiques. Notre but est de d\u00e9passer leurs attentes de fa\u00e7on constante afin de m\u00e9riter leur confiance \u00e0 chaque transaction.<\/p>\n<p>Veuillez prendre note que pour le moment Kildair dessert uniquement les entreprises<\/p>","protected":false},"excerpt":{"rendered":"<p>Natural Gas Offering a Wide Range of Marine Fuels Kildair offers a wide range of marine fuels. We are able to mix and formulate different product ranges in terms of [&hellip;]<\/p>\n","protected":false},"author":1,"featured_media":0,"parent":165,"menu_order":0,"comment_status":"closed","ping_status":"closed","template":"","meta":{"_acf_changed":false,"sfsi_plus_gutenberg_text_before_share":"","sfsi_plus_gutenberg_show_text_before_share":"","sfsi_plus_gutenberg_icon_type":"","sfsi_plus_gutenberg_icon_alignemt":"","sfsi_plus_gutenburg_max_per_row":"","footnotes":""},"class_list":["post-166","page","type-page","status-publish","hentry"],"acf":[],"yoast_head":"<!-- This site is optimized with the Yoast SEO Premium plugin v27.3 (Yoast SEO v27.3) - https:\/\/yoast.com\/product\/yoast-seo-premium-wordpress\/ -->\n<title>Marine Fuel Solutions: A Wide Range of Options from Kildair - Sprague Energy<\/title>\n<meta name=\"description\" content=\"Explore Kildair&#039;s range of marine fuels: from low sulfur options to higher sulfur fuel. Find the right fuel for your vessel.\" \/>\n<meta name=\"robots\" content=\"index, follow, max-snippet:-1, max-image-preview:large, max-video-preview:-1\" \/>\n<link rel=\"canonical\" href=\"https:\/\/www.spragueenergy.com\/fr\/kildair\/carburants-marins\/\" \/>\n<meta property=\"og:locale\" content=\"fr_CA\" \/>\n<meta property=\"og:type\" content=\"article\" \/>\n<meta property=\"og:title\" content=\"Marine Fuel\" \/>\n<meta property=\"og:description\" content=\"Explore Kildair&#039;s range of marine fuels: from low sulfur options to higher sulfur fuel. Find the right fuel for your vessel.\" \/>\n<meta property=\"og:url\" content=\"https:\/\/www.spragueenergy.com\/fr\/kildair\/carburants-marins\/\" \/>\n<meta property=\"og:site_name\" content=\"Sprague Energy\" \/>\n<meta property=\"article:modified_time\" content=\"2025-06-30T18:30:52+00:00\" \/>\n<meta property=\"og:image\" content=\"https:\/\/www.spragueenergy.com\/wp-content\/uploads\/2024\/04\/Marine-Fuel.jpg\" \/>\n<meta name=\"twitter:card\" content=\"summary_large_image\" \/>\n<meta name=\"twitter:label1\" content=\"Estimation du temps de lecture\" \/>\n\t<meta name=\"twitter:data1\" content=\"2 minutes\" \/>\n<script type=\"application\/ld+json\" class=\"yoast-schema-graph\">{\"@context\":\"https:\\\/\\\/schema.org\",\"@graph\":[{\"@type\":\"WebPage\",\"@id\":\"https:\\\/\\\/www.spragueenergy.com\\\/kildair\\\/marine-fuel\\\/\",\"url\":\"https:\\\/\\\/www.spragueenergy.com\\\/kildair\\\/marine-fuel\\\/\",\"name\":\"Marine Fuel Solutions: A Wide Range of Options from Kildair - Sprague Energy\",\"isPartOf\":{\"@id\":\"https:\\\/\\\/www.spragueenergy.com\\\/#website\"},\"primaryImageOfPage\":{\"@id\":\"https:\\\/\\\/www.spragueenergy.com\\\/kildair\\\/marine-fuel\\\/#primaryimage\"},\"image\":{\"@id\":\"https:\\\/\\\/www.spragueenergy.com\\\/kildair\\\/marine-fuel\\\/#primaryimage\"},\"thumbnailUrl\":\"https:\\\/\\\/www.spragueenergy.com\\\/wp-content\\\/uploads\\\/2024\\\/04\\\/Marine-Fuel.jpg\",\"datePublished\":\"2024-03-21T19:16:56+00:00\",\"dateModified\":\"2025-06-30T18:30:52+00:00\",\"description\":\"Explore Kildair's range of marine fuels: from low sulfur options to higher sulfur fuel. Find the right fuel for your vessel.\",\"breadcrumb\":{\"@id\":\"https:\\\/\\\/www.spragueenergy.com\\\/kildair\\\/marine-fuel\\\/#breadcrumb\"},\"inLanguage\":\"fr-CA\",\"potentialAction\":[{\"@type\":\"ReadAction\",\"target\":[\"https:\\\/\\\/www.spragueenergy.com\\\/kildair\\\/marine-fuel\\\/\"]}]},{\"@type\":\"ImageObject\",\"inLanguage\":\"fr-CA\",\"@id\":\"https:\\\/\\\/www.spragueenergy.com\\\/kildair\\\/marine-fuel\\\/#primaryimage\",\"url\":\"https:\\\/\\\/www.spragueenergy.com\\\/wp-content\\\/uploads\\\/2024\\\/04\\\/Marine-Fuel.jpg\",\"contentUrl\":\"https:\\\/\\\/www.spragueenergy.com\\\/wp-content\\\/uploads\\\/2024\\\/04\\\/Marine-Fuel.jpg\"},{\"@type\":\"BreadcrumbList\",\"@id\":\"https:\\\/\\\/www.spragueenergy.com\\\/kildair\\\/marine-fuel\\\/#breadcrumb\",\"itemListElement\":[{\"@type\":\"ListItem\",\"position\":1,\"name\":\"Home\",\"item\":\"https:\\\/\\\/www.spragueenergy.com\\\/\"},{\"@type\":\"ListItem\",\"position\":2,\"name\":\"Kildair\",\"item\":\"https:\\\/\\\/www.spragueenergy.com\\\/kildair\\\/\"},{\"@type\":\"ListItem\",\"position\":3,\"name\":\"Marine Fuel\"}]},{\"@type\":\"WebSite\",\"@id\":\"https:\\\/\\\/www.spragueenergy.com\\\/#website\",\"url\":\"https:\\\/\\\/www.spragueenergy.com\\\/\",\"name\":\"Sprague Energy\",\"description\":\"Our Energy Makes the Difference\",\"potentialAction\":[{\"@type\":\"SearchAction\",\"target\":{\"@type\":\"EntryPoint\",\"urlTemplate\":\"https:\\\/\\\/www.spragueenergy.com\\\/?s={search_term_string}\"},\"query-input\":{\"@type\":\"PropertyValueSpecification\",\"valueRequired\":true,\"valueName\":\"search_term_string\"}}],\"inLanguage\":\"fr-CA\"}]}<\/script>\n<!-- \/ Yoast SEO Premium plugin. -->","yoast_head_json":{"title":"Marine Fuel Solutions: A Wide Range of Options from Kildair - Sprague Energy","description":"Explore Kildair's range of marine fuels: from low sulfur options to higher sulfur fuel. Find the right fuel for your vessel.","robots":{"index":"index","follow":"follow","max-snippet":"max-snippet:-1","max-image-preview":"max-image-preview:large","max-video-preview":"max-video-preview:-1"},"canonical":"https:\/\/www.spragueenergy.com\/fr\/kildair\/carburants-marins\/","og_locale":"fr_CA","og_type":"article","og_title":"Marine Fuel","og_description":"Explore Kildair's range of marine fuels: from low sulfur options to higher sulfur fuel. Find the right fuel for your vessel.","og_url":"https:\/\/www.spragueenergy.com\/fr\/kildair\/carburants-marins\/","og_site_name":"Sprague Energy","article_modified_time":"2025-06-30T18:30:52+00:00","og_image":[{"url":"https:\/\/www.spragueenergy.com\/wp-content\/uploads\/2024\/04\/Marine-Fuel.jpg","type":"","width":"","height":""}],"twitter_card":"summary_large_image","twitter_misc":{"Estimation du temps de lecture":"2 minutes"},"schema":{"@context":"https:\/\/schema.org","@graph":[{"@type":"WebPage","@id":"https:\/\/www.spragueenergy.com\/kildair\/marine-fuel\/","url":"https:\/\/www.spragueenergy.com\/kildair\/marine-fuel\/","name":"Marine Fuel Solutions: A Wide Range of Options from Kildair - Sprague Energy","isPartOf":{"@id":"https:\/\/www.spragueenergy.com\/#website"},"primaryImageOfPage":{"@id":"https:\/\/www.spragueenergy.com\/kildair\/marine-fuel\/#primaryimage"},"image":{"@id":"https:\/\/www.spragueenergy.com\/kildair\/marine-fuel\/#primaryimage"},"thumbnailUrl":"https:\/\/www.spragueenergy.com\/wp-content\/uploads\/2024\/04\/Marine-Fuel.jpg","datePublished":"2024-03-21T19:16:56+00:00","dateModified":"2025-06-30T18:30:52+00:00","description":"Explore Kildair's range of marine fuels: from low sulfur options to higher sulfur fuel. Find the right fuel for your vessel.","breadcrumb":{"@id":"https:\/\/www.spragueenergy.com\/kildair\/marine-fuel\/#breadcrumb"},"inLanguage":"fr-CA","potentialAction":[{"@type":"ReadAction","target":["https:\/\/www.spragueenergy.com\/kildair\/marine-fuel\/"]}]},{"@type":"ImageObject","inLanguage":"fr-CA","@id":"https:\/\/www.spragueenergy.com\/kildair\/marine-fuel\/#primaryimage","url":"https:\/\/www.spragueenergy.com\/wp-content\/uploads\/2024\/04\/Marine-Fuel.jpg","contentUrl":"https:\/\/www.spragueenergy.com\/wp-content\/uploads\/2024\/04\/Marine-Fuel.jpg"},{"@type":"BreadcrumbList","@id":"https:\/\/www.spragueenergy.com\/kildair\/marine-fuel\/#breadcrumb","itemListElement":[{"@type":"ListItem","position":1,"name":"Home","item":"https:\/\/www.spragueenergy.com\/"},{"@type":"ListItem","position":2,"name":"Kildair","item":"https:\/\/www.spragueenergy.com\/kildair\/"},{"@type":"ListItem","position":3,"name":"Marine Fuel"}]},{"@type":"WebSite","@id":"https:\/\/www.spragueenergy.com\/#website","url":"https:\/\/www.spragueenergy.com\/","name":"Sprague Energy","description":"Our Energy Makes the Difference","potentialAction":[{"@type":"SearchAction","target":{"@type":"EntryPoint","urlTemplate":"https:\/\/www.spragueenergy.com\/?s={search_term_string}"},"query-input":{"@type":"PropertyValueSpecification","valueRequired":true,"valueName":"search_term_string"}}],"inLanguage":"fr-CA"}]}},"_links":{"self":[{"href":"https:\/\/www.spragueenergy.com\/fr\/wp-json\/wp\/v2\/pages\/166","targetHints":{"allow":["GET"]}}],"collection":[{"href":"https:\/\/www.spragueenergy.com\/fr\/wp-json\/wp\/v2\/pages"}],"about":[{"href":"https:\/\/www.spragueenergy.com\/fr\/wp-json\/wp\/v2\/types\/page"}],"author":[{"embeddable":true,"href":"https:\/\/www.spragueenergy.com\/fr\/wp-json\/wp\/v2\/users\/1"}],"replies":[{"embeddable":true,"href":"https:\/\/www.spragueenergy.com\/fr\/wp-json\/wp\/v2\/comments?post=166"}],"version-history":[{"count":0,"href":"https:\/\/www.spragueenergy.com\/fr\/wp-json\/wp\/v2\/pages\/166\/revisions"}],"up":[{"embeddable":true,"href":"https:\/\/www.spragueenergy.com\/fr\/wp-json\/wp\/v2\/pages\/165"}],"wp:attachment":[{"href":"https:\/\/www.spragueenergy.com\/fr\/wp-json\/wp\/v2\/media?parent=166"}],"curies":[{"name":"wp","href":"https:\/\/api.w.org\/{rel}","templated":true}]}}