{"id":319,"date":"2024-04-01T19:21:10","date_gmt":"2024-04-01T19:21:10","guid":{"rendered":"https:\/\/spragueoperati.wpenginepowered.com\/?page_id=319"},"modified":"2025-12-10T16:24:34","modified_gmt":"2025-12-10T16:24:34","slug":"contact-us","status":"publish","type":"page","link":"https:\/\/www.spragueenergy.com\/fr\/kildair\/nous-rejoindre\/","title":{"rendered":"Nous Rejoindre"},"content":{"rendered":"<h1>\n\t\t\t\t\t\t\u00c0 propos de nous\t\t\t\t\t<\/h1>\n\t\t\t\t<img width=\"1796\" height=\"706\" data-src=\"https:\/\/www.spragueenergy.com\/wp-content\/uploads\/2024\/04\/Contact_Us.jpg\" alt=\"Colleagues collaborate at a desk, smiling and reviewing information on a laptop. The man at the center is focused on the screen while the women beside him engage enthusiastically, holding documents and a pen.\" decoding=\"async\" data-srcset=\"https:\/\/b3679122.smushcdn.com\/3679122\/wp-content\/uploads\/2024\/04\/Contact_Us.jpg?lossy=2&amp;strip=1&amp;webp=1 1796w, https:\/\/b3679122.smushcdn.com\/3679122\/wp-content\/uploads\/2024\/04\/Contact_Us-300x118.jpg?lossy=2&amp;strip=1&amp;webp=1 300w, https:\/\/b3679122.smushcdn.com\/3679122\/wp-content\/uploads\/2024\/04\/Contact_Us-1024x403.jpg?lossy=2&amp;strip=1&amp;webp=1 1024w, https:\/\/b3679122.smushcdn.com\/3679122\/wp-content\/uploads\/2024\/04\/Contact_Us-768x302.jpg?lossy=2&amp;strip=1&amp;webp=1 768w, https:\/\/b3679122.smushcdn.com\/3679122\/wp-content\/uploads\/2024\/04\/Contact_Us-1536x604.jpg?lossy=2&amp;strip=1&amp;webp=1 1536w, https:\/\/b3679122.smushcdn.com\/3679122\/wp-content\/uploads\/2024\/04\/Contact_Us-18x7.jpg?lossy=2&amp;strip=1&amp;webp=1 18w, https:\/\/b3679122.smushcdn.com\/3679122\/wp-content\/uploads\/2024\/04\/Contact_Us-800x314.jpg?lossy=2&amp;strip=1&amp;webp=1 800w\" data-sizes=\"(max-width: 1796px) 100vw, 1796px\" src=\"data:image\/svg+xml;base64,PHN2ZyB3aWR0aD0iMSIgaGVpZ2h0PSIxIiB4bWxucz0iaHR0cDovL3d3dy53My5vcmcvMjAwMC9zdmciPjwvc3ZnPg==\" class=\"lazyload\" style=\"--smush-placeholder-width: 1796px; --smush-placeholder-aspect-ratio: 1796\/706;\" \/>\t\t\t\n\t\t<button>\t\n\t\t\t\tMenu\t\t\t\n\t\t<\/button>\n\t\t\t\t\t\t\t\t\t\t\t\t\t\t\t\t\t\t\t<a href=\"#partner-with-kildair\" target=\"\">\n\t\t\t\t\tAssociez-vous \u00e0 Kildair\t\t\t\t<\/a>\n\t\t\t\t\t\t\t\t\t<a href=\"#locations\" target=\"\">\n\t\t\t\t\tLocations\t\t\t\t<\/a>\n\t\t\t\t\t\t\t\t\t\t\t\t<a href=\"#contacts\" target=\"\">\n\t\t\t\t\tContacts\t\t\t\t<\/a>\n\t\t\t\t\t\t\t\t\t\t\t\t<a href=\"#partner-with-kildair\" target=\"\">\n\t\t\t\t\tAssociez-vous \u00e0 Kildair\t\t\t\t<\/a>\n<h2>\n\t\tLocations\n\t<\/h2>\n\t<u><strong>Head Office<\/strong><\/u><strong>\u00a0\u00a0\u00a0<\/strong><br \/>\n1000, Mont\u00e9e des Pionniers, bur. 110<br \/>\nTerrebonne (Qu\u00e9bec)\u00a0 J6V 1S8<br \/>\nT: (450) 756-8091<br \/>\nF: (450) 756-4783<br \/>\n<a href=\"mailto:info@kildair.com?subject=Information\">info@kildair.com<\/a><br \/>\nOffice hours: Monday to Friday from 8h00 to 17h00\n<p>&nbsp;<\/p>\n\t<strong>Terminal Sorel-Tracy<br \/>\n<\/strong>11905, Rue Industrielle<br \/>\nSorel-Tracy (Qu\u00e9bec)\u00a0 J3R 0E7<br \/>\nT: (450) 746-0999<br \/>\nF: (450) 746-0994 (Op\u00e9rations et ing\u00e9nierie)<br \/>\nF: (450) 746-4824 (Laboratoire)<br \/>\n<a href=\"mailto:info@kildair.com\">info@kildair.com<\/a><br \/>\nHeures d\u2019affaires: 24h \/ 24 h, 7 jrs \/ 7 jrs\n<strong>Dock<\/strong><br \/>\n11605, Rue Marie-Victorin<br \/>\nSorel-Tracy (Qu\u00e9bec)\u00a0 J3R 0E7\n<p>&nbsp;<\/p>\n<h2>\n\t\tContacts\n\t<\/h2>\n\tJacques Ferraro (ext. 275)<br \/>\n<em>Pr\u00e9sident et directeur g\u00e9n\u00e9ral\u00a0 \u00a0<\/em><br \/>\n<a href=\"mailto:jferraro@kildair.com?subject=Website%20Inquiry\">jferraro@kildair.com\u00a0<\/a>\nFr\u00e9d\u00e9ric Normandin (ext. 331)<br \/>\n<em>Director, Terminal\u00a0\u00a0<\/em><br \/>\n<a href=\"mailto:fnormandin@kildair.com?subject=Website%20Inquiry\">fnormandin@kildair.com<\/a>\nSteven Packwood (ext. 322)<br \/>\n<em>Head of Operations\u00a0\u00a0\u00a0\u00a0<\/em><br \/>\n<a href=\"mailto:spackwood@kildair.com?subject=Website%20Inquiry\">spackwood@kildair.com<\/a>\nAnthony Loggia (ext. 212)<br \/>\n<em>Directeur Commercial\u00a0<\/em><br \/>\n<a href=\"mailto:fpaiement@kildair.com?subject=Website%20Inquiry\">aloggia@kildair.com<\/a><a href=\"mailto:fpaiement@kildair.com?subject=Website%20Inquiry\">\u00a0<\/a>\nMarc Lemay (ext. 265)<br \/>\n<em>Director, Human Resources and Transport\u00a0\u00a0\u00a0<\/em><br \/>\n<a href=\"mailto:mlemay@kildair.com?subject=Website%20Inquiry\">mlemay@kildair.com<\/a>\n\tRh\u00e9al Boisvert (ext. 329)<br \/>\n<em>Chief of laboratory<\/em><br \/>\n<a href=\"mailto:rboisvert@kildair.com?subject=Website%20Inquiry\">rboisvert@kildair.com<\/a>\nOrders and Customer Service\u00a0 \u00a0(ext.239)<br \/>\n<a href=\"mailto:commande@kildair.com?subject=Website%20Inquiry\">commande@kildair.com<\/a>\n<p>&nbsp;<\/p>\n\t\t\t\t<img decoding=\"async\" data-src=\"https:\/\/www.spragueenergy.com\/wp-content\/uploads\/2024\/04\/kildair-service-logo.png\" alt=\"Kildair Logo\" itemprop=\"image\" height=\"106\" width=\"172\" title=\"kildair service logo\" onerror=\"this.style.display='none'\" src=\"data:image\/svg+xml;base64,PHN2ZyB3aWR0aD0iMSIgaGVpZ2h0PSIxIiB4bWxucz0iaHR0cDovL3d3dy53My5vcmcvMjAwMC9zdmciPjwvc3ZnPg==\" class=\"lazyload\" style=\"--smush-placeholder-width: 172px; --smush-placeholder-aspect-ratio: 172\/106;\" \/>\n<h2>\n\t\tAssociez-vous \u00e0 Kildair\n\t<\/h2>\n\t<p>\u00c0 titre de chef de file r\u00e9gional de l\u2019industrie du bitume et des mazouts lourds sp\u00e9cialis\u00e9s, Kildair offre un \u00e9ventail \u00e9largi de produits et services sp\u00e9cialis\u00e9s et adapt\u00e9s. Nous travaillons avec nos clients afin de fournir des solutions adapt\u00e9es \u00e0 leurs d\u00e9fis d\u2019affaires afin d\u2019agir \u00e0 titre de partenaires pour leurs besoins \u00e9nerg\u00e9tiques. Notre but est de d\u00e9passer leurs attentes de fa\u00e7on constante afin de m\u00e9riter leur confiance \u00e0 chaque transaction.<\/p>\n<p>Veuillez prendre note que pour le moment Kildair dessert uniquement les entreprises<\/p>\n\t\n    <div class=\"fl-builder-content fl-builder-content-46294 fl-builder-template fl-builder-module-template fl-builder-global-templates-locked\" data-post-id=\"46294\"><div class=\"fl-module fl-module-spe-module-pardot-form fl-node-vbrejzoqigys\" data-node=\"vbrejzoqigys\">\n\t<div class=\"fl-module-content fl-node-content\">\n\t\t\n\t\n\t<div \n\t\tclass=\"pardot-form-init\" \n\t\tdata-iframe-id=\"pardot-form-vbrejzoqigys\"\n\t\tdata-iframe-src=\"https:\/\/go.spragueenergy.com\/l\/297602\/2020-08-21\/2k8dnt\"><\/div>\n\n\t<\/div>\n<\/div>\n<\/div><div class=\"uabb-js-breakpoint\" style=\"display: none;\"><\/div>","protected":false},"excerpt":{"rendered":"<p>About Us Menu Partner With Kildair Locations Contacts Partner With Kildair Locations Head Office\u00a0\u00a0\u00a0 1000, Mont\u00e9e des Pionniers, bur. 110 Terrebonne (Qu\u00e9bec)\u00a0 J6V 1S8 T: (450) 756-8091 F: (450) 756-4783 [&hellip;]<\/p>\n","protected":false},"author":1,"featured_media":0,"parent":165,"menu_order":0,"comment_status":"closed","ping_status":"closed","template":"","meta":{"_acf_changed":false,"sfsi_plus_gutenberg_text_before_share":"","sfsi_plus_gutenberg_show_text_before_share":"","sfsi_plus_gutenberg_icon_type":"","sfsi_plus_gutenberg_icon_alignemt":"","sfsi_plus_gutenburg_max_per_row":"","footnotes":""},"class_list":["post-319","page","type-page","status-publish","hentry"],"acf":[],"yoast_head":"<!-- This site is optimized with the Yoast SEO Premium plugin v27.3 (Yoast SEO v27.4) - https:\/\/yoast.com\/product\/yoast-seo-premium-wordpress\/ -->\n<title>Contact Kildair: Head Office and Terminal Information - Sprague Energy<\/title>\n<meta name=\"description\" content=\"Get in touch with Kildair: Contact our head office or terminal in Sorel-Tracy for all your inquiries and business needs.\" \/>\n<meta name=\"robots\" content=\"index, follow, max-snippet:-1, max-image-preview:large, max-video-preview:-1\" \/>\n<link rel=\"canonical\" href=\"https:\/\/www.spragueenergy.com\/fr\/kildair\/nous-rejoindre\/\" \/>\n<meta property=\"og:locale\" content=\"fr_CA\" \/>\n<meta property=\"og:type\" content=\"article\" \/>\n<meta property=\"og:title\" content=\"Contact Us\" \/>\n<meta property=\"og:description\" content=\"Get in touch with Kildair: Contact our head office or terminal in Sorel-Tracy for all your inquiries and business needs.\" \/>\n<meta property=\"og:url\" content=\"https:\/\/www.spragueenergy.com\/fr\/kildair\/nous-rejoindre\/\" \/>\n<meta property=\"og:site_name\" content=\"Sprague Energy\" \/>\n<meta property=\"article:modified_time\" content=\"2025-12-10T16:24:34+00:00\" \/>\n<meta property=\"og:image\" content=\"https:\/\/www.spragueenergy.com\/wp-content\/uploads\/2024\/04\/Contact_Us.jpg\" \/>\n<meta name=\"twitter:card\" content=\"summary_large_image\" \/>\n<meta name=\"twitter:label1\" content=\"Estimation du temps de lecture\" \/>\n\t<meta name=\"twitter:data1\" content=\"2 minutes\" \/>\n<script type=\"application\/ld+json\" class=\"yoast-schema-graph\">{\"@context\":\"https:\\\/\\\/schema.org\",\"@graph\":[{\"@type\":\"WebPage\",\"@id\":\"https:\\\/\\\/www.spragueenergy.com\\\/kildair\\\/contact-us\\\/\",\"url\":\"https:\\\/\\\/www.spragueenergy.com\\\/kildair\\\/contact-us\\\/\",\"name\":\"Contact Kildair: Head Office and Terminal Information - Sprague Energy\",\"isPartOf\":{\"@id\":\"https:\\\/\\\/www.spragueenergy.com\\\/#website\"},\"primaryImageOfPage\":{\"@id\":\"https:\\\/\\\/www.spragueenergy.com\\\/kildair\\\/contact-us\\\/#primaryimage\"},\"image\":{\"@id\":\"https:\\\/\\\/www.spragueenergy.com\\\/kildair\\\/contact-us\\\/#primaryimage\"},\"thumbnailUrl\":\"https:\\\/\\\/www.spragueenergy.com\\\/wp-content\\\/uploads\\\/2024\\\/04\\\/Contact_Us.jpg\",\"datePublished\":\"2024-04-01T19:21:10+00:00\",\"dateModified\":\"2025-12-10T16:24:34+00:00\",\"description\":\"Get in touch with Kildair: Contact our head office or terminal in Sorel-Tracy for all your inquiries and business needs.\",\"breadcrumb\":{\"@id\":\"https:\\\/\\\/www.spragueenergy.com\\\/kildair\\\/contact-us\\\/#breadcrumb\"},\"inLanguage\":\"fr-CA\",\"potentialAction\":[{\"@type\":\"ReadAction\",\"target\":[\"https:\\\/\\\/www.spragueenergy.com\\\/kildair\\\/contact-us\\\/\"]}]},{\"@type\":\"ImageObject\",\"inLanguage\":\"fr-CA\",\"@id\":\"https:\\\/\\\/www.spragueenergy.com\\\/kildair\\\/contact-us\\\/#primaryimage\",\"url\":\"https:\\\/\\\/www.spragueenergy.com\\\/wp-content\\\/uploads\\\/2024\\\/04\\\/Contact_Us.jpg\",\"contentUrl\":\"https:\\\/\\\/www.spragueenergy.com\\\/wp-content\\\/uploads\\\/2024\\\/04\\\/Contact_Us.jpg\"},{\"@type\":\"BreadcrumbList\",\"@id\":\"https:\\\/\\\/www.spragueenergy.com\\\/kildair\\\/contact-us\\\/#breadcrumb\",\"itemListElement\":[{\"@type\":\"ListItem\",\"position\":1,\"name\":\"Home\",\"item\":\"https:\\\/\\\/www.spragueenergy.com\\\/\"},{\"@type\":\"ListItem\",\"position\":2,\"name\":\"Kildair\",\"item\":\"https:\\\/\\\/www.spragueenergy.com\\\/kildair\\\/\"},{\"@type\":\"ListItem\",\"position\":3,\"name\":\"Contact Us\"}]},{\"@type\":\"WebSite\",\"@id\":\"https:\\\/\\\/www.spragueenergy.com\\\/#website\",\"url\":\"https:\\\/\\\/www.spragueenergy.com\\\/\",\"name\":\"Sprague Energy\",\"description\":\"Our Energy Makes the Difference\",\"potentialAction\":[{\"@type\":\"SearchAction\",\"target\":{\"@type\":\"EntryPoint\",\"urlTemplate\":\"https:\\\/\\\/www.spragueenergy.com\\\/?s={search_term_string}\"},\"query-input\":{\"@type\":\"PropertyValueSpecification\",\"valueRequired\":true,\"valueName\":\"search_term_string\"}}],\"inLanguage\":\"fr-CA\"}]}<\/script>\n<!-- \/ Yoast SEO Premium plugin. -->","yoast_head_json":{"title":"Contact Kildair: Head Office and Terminal Information - Sprague Energy","description":"Get in touch with Kildair: Contact our head office or terminal in Sorel-Tracy for all your inquiries and business needs.","robots":{"index":"index","follow":"follow","max-snippet":"max-snippet:-1","max-image-preview":"max-image-preview:large","max-video-preview":"max-video-preview:-1"},"canonical":"https:\/\/www.spragueenergy.com\/fr\/kildair\/nous-rejoindre\/","og_locale":"fr_CA","og_type":"article","og_title":"Contact Us","og_description":"Get in touch with Kildair: Contact our head office or terminal in Sorel-Tracy for all your inquiries and business needs.","og_url":"https:\/\/www.spragueenergy.com\/fr\/kildair\/nous-rejoindre\/","og_site_name":"Sprague Energy","article_modified_time":"2025-12-10T16:24:34+00:00","og_image":[{"url":"https:\/\/www.spragueenergy.com\/wp-content\/uploads\/2024\/04\/Contact_Us.jpg","type":"","width":"","height":""}],"twitter_card":"summary_large_image","twitter_misc":{"Estimation du temps de lecture":"2 minutes"},"schema":{"@context":"https:\/\/schema.org","@graph":[{"@type":"WebPage","@id":"https:\/\/www.spragueenergy.com\/kildair\/contact-us\/","url":"https:\/\/www.spragueenergy.com\/kildair\/contact-us\/","name":"Contact Kildair: Head Office and Terminal Information - Sprague Energy","isPartOf":{"@id":"https:\/\/www.spragueenergy.com\/#website"},"primaryImageOfPage":{"@id":"https:\/\/www.spragueenergy.com\/kildair\/contact-us\/#primaryimage"},"image":{"@id":"https:\/\/www.spragueenergy.com\/kildair\/contact-us\/#primaryimage"},"thumbnailUrl":"https:\/\/www.spragueenergy.com\/wp-content\/uploads\/2024\/04\/Contact_Us.jpg","datePublished":"2024-04-01T19:21:10+00:00","dateModified":"2025-12-10T16:24:34+00:00","description":"Get in touch with Kildair: Contact our head office or terminal in Sorel-Tracy for all your inquiries and business needs.","breadcrumb":{"@id":"https:\/\/www.spragueenergy.com\/kildair\/contact-us\/#breadcrumb"},"inLanguage":"fr-CA","potentialAction":[{"@type":"ReadAction","target":["https:\/\/www.spragueenergy.com\/kildair\/contact-us\/"]}]},{"@type":"ImageObject","inLanguage":"fr-CA","@id":"https:\/\/www.spragueenergy.com\/kildair\/contact-us\/#primaryimage","url":"https:\/\/www.spragueenergy.com\/wp-content\/uploads\/2024\/04\/Contact_Us.jpg","contentUrl":"https:\/\/www.spragueenergy.com\/wp-content\/uploads\/2024\/04\/Contact_Us.jpg"},{"@type":"BreadcrumbList","@id":"https:\/\/www.spragueenergy.com\/kildair\/contact-us\/#breadcrumb","itemListElement":[{"@type":"ListItem","position":1,"name":"Home","item":"https:\/\/www.spragueenergy.com\/"},{"@type":"ListItem","position":2,"name":"Kildair","item":"https:\/\/www.spragueenergy.com\/kildair\/"},{"@type":"ListItem","position":3,"name":"Contact Us"}]},{"@type":"WebSite","@id":"https:\/\/www.spragueenergy.com\/#website","url":"https:\/\/www.spragueenergy.com\/","name":"Sprague Energy","description":"Our Energy Makes the Difference","potentialAction":[{"@type":"SearchAction","target":{"@type":"EntryPoint","urlTemplate":"https:\/\/www.spragueenergy.com\/?s={search_term_string}"},"query-input":{"@type":"PropertyValueSpecification","valueRequired":true,"valueName":"search_term_string"}}],"inLanguage":"fr-CA"}]}},"_links":{"self":[{"href":"https:\/\/www.spragueenergy.com\/fr\/wp-json\/wp\/v2\/pages\/319","targetHints":{"allow":["GET"]}}],"collection":[{"href":"https:\/\/www.spragueenergy.com\/fr\/wp-json\/wp\/v2\/pages"}],"about":[{"href":"https:\/\/www.spragueenergy.com\/fr\/wp-json\/wp\/v2\/types\/page"}],"author":[{"embeddable":true,"href":"https:\/\/www.spragueenergy.com\/fr\/wp-json\/wp\/v2\/users\/1"}],"replies":[{"embeddable":true,"href":"https:\/\/www.spragueenergy.com\/fr\/wp-json\/wp\/v2\/comments?post=319"}],"version-history":[{"count":0,"href":"https:\/\/www.spragueenergy.com\/fr\/wp-json\/wp\/v2\/pages\/319\/revisions"}],"up":[{"embeddable":true,"href":"https:\/\/www.spragueenergy.com\/fr\/wp-json\/wp\/v2\/pages\/165"}],"wp:attachment":[{"href":"https:\/\/www.spragueenergy.com\/fr\/wp-json\/wp\/v2\/media?parent=319"}],"curies":[{"name":"wp","href":"https:\/\/api.w.org\/{rel}","templated":true}]}}