{"id":357,"date":"2024-04-02T15:46:15","date_gmt":"2024-04-02T15:46:15","guid":{"rendered":"https:\/\/spragueoperati.wpenginepowered.com\/?page_id=357"},"modified":"2025-06-30T17:48:47","modified_gmt":"2025-06-30T17:48:47","slug":"bunker-fuel","status":"publish","type":"page","link":"https:\/\/www.spragueenergy.com\/fr\/kildair\/carburant-de-soute\/","title":{"rendered":"Mazout Lourd"},"content":{"rendered":"<h1>\n\t\t\t\t\t\tNatural Gas\t\t\t\t\t<\/h1>\n\t\t\t\t<img width=\"1600\" height=\"899\" data-src=\"https:\/\/www.spragueenergy.com\/wp-content\/uploads\/2024\/04\/Bunker-Fuel-Header.jpg\" alt=\"Aerial view of a large energy facility with storage tanks, processing infrastructure, and illuminated buildings at dusk.\" decoding=\"async\" data-srcset=\"https:\/\/b3679122.smushcdn.com\/3679122\/wp-content\/uploads\/2024\/04\/Bunker-Fuel-Header.jpg?lossy=2&amp;strip=1&amp;webp=1 1600w, https:\/\/b3679122.smushcdn.com\/3679122\/wp-content\/uploads\/2024\/04\/Bunker-Fuel-Header-300x169.jpg?lossy=2&amp;strip=1&amp;webp=1 300w, https:\/\/b3679122.smushcdn.com\/3679122\/wp-content\/uploads\/2024\/04\/Bunker-Fuel-Header-1024x575.jpg?lossy=2&amp;strip=1&amp;webp=1 1024w, https:\/\/b3679122.smushcdn.com\/3679122\/wp-content\/uploads\/2024\/04\/Bunker-Fuel-Header-768x432.jpg?lossy=2&amp;strip=1&amp;webp=1 768w, https:\/\/b3679122.smushcdn.com\/3679122\/wp-content\/uploads\/2024\/04\/Bunker-Fuel-Header-1536x863.jpg?lossy=2&amp;strip=1&amp;webp=1 1536w, https:\/\/b3679122.smushcdn.com\/3679122\/wp-content\/uploads\/2024\/04\/Bunker-Fuel-Header-18x10.jpg?lossy=2&amp;strip=1&amp;webp=1 18w, https:\/\/b3679122.smushcdn.com\/3679122\/wp-content\/uploads\/2024\/04\/Bunker-Fuel-Header-800x450.jpg?lossy=2&amp;strip=1&amp;webp=1 800w\" data-sizes=\"(max-width: 1600px) 100vw, 1600px\" src=\"data:image\/svg+xml;base64,PHN2ZyB3aWR0aD0iMSIgaGVpZ2h0PSIxIiB4bWxucz0iaHR0cDovL3d3dy53My5vcmcvMjAwMC9zdmciPjwvc3ZnPg==\" class=\"lazyload\" style=\"--smush-placeholder-width: 1600px; --smush-placeholder-aspect-ratio: 1600\/899;\" \/>\t\t\t\n\t<p class=\"translation-block\"><a href=\"https:\/\/spragueoperati.wpenginepowered.com\/fr\/kildair\/notre-terminal\/\" target=\"_self\"> Le terminal de Kildair<\/a> demeure en majorit\u00e9 utilis\u00e9 pour des produits noirs. Le mazout lourd demeure un sous-produit du raffinage du p\u00e9trole et repr\u00e9sente une plus haute valeur calorifique par tonne que d\u2019autres carburants. Ainsi, malgr\u00e9 que ce soit une portion en d\u00e9clin de l\u2019utilisation des produits p\u00e9troliers, Kildair demeure engag\u00e9e aupr\u00e8s de la client\u00e8le qui continue \u00e0 utiliser ses produits pour leurs applications industrielles et de chauffage.<\/p>\n<p>Nous avons la capacit\u00e9 d'offrir des m\u00e9langes et sp\u00e9cifications permettant de rencontrer les crit\u00e8res sp\u00e9cifiques que les clients peuvent avoir \u00e0 respecter. La diversit\u00e9 de nos sources d\u2019approvisionnements permet de trouver diff\u00e9rents produits rendant possible cette flexibilit\u00e9.<\/p>\n<p>Kildair offre un \u00e9ventail de produits qui rencontrent les besoins des clients. Les mazouts #4A, #5A et #6C sont tous disponibles \u00e0 notre terminal.<\/p>\n\t\t\t\t<img decoding=\"async\" data-src=\"https:\/\/www.spragueenergy.com\/wp-content\/uploads\/2024\/04\/Bunker-Fuel-Collage-2.png\" alt=\"Bunker-Fuel-Collage-2\" itemprop=\"image\" title=\"Bunker-Fuel-Collage-2\" onerror=\"this.style.display='none'\" src=\"data:image\/svg+xml;base64,PHN2ZyB3aWR0aD0iMSIgaGVpZ2h0PSIxIiB4bWxucz0iaHR0cDovL3d3dy53My5vcmcvMjAwMC9zdmciPjwvc3ZnPg==\" class=\"lazyload\" \/>\n\t\t\t\t<img decoding=\"async\" data-src=\"https:\/\/www.spragueenergy.com\/wp-content\/uploads\/2024\/04\/kildair-service-logo.png\" alt=\"kildair service logo\" itemprop=\"image\" height=\"106\" width=\"172\" title=\"kildair service logo\" onerror=\"this.style.display='none'\" src=\"data:image\/svg+xml;base64,PHN2ZyB3aWR0aD0iMSIgaGVpZ2h0PSIxIiB4bWxucz0iaHR0cDovL3d3dy53My5vcmcvMjAwMC9zdmciPjwvc3ZnPg==\" class=\"lazyload\" style=\"--smush-placeholder-width: 172px; --smush-placeholder-aspect-ratio: 172\/106;\" \/>\n<h2>\n\t\tAssociez-vous \u00e0 Kildair\n\t<\/h2>\n\t<p>\u00c0 titre de chef de file r\u00e9gional de l\u2019industrie du bitume et des mazouts lourds sp\u00e9cialis\u00e9s, Kildair offre un \u00e9ventail \u00e9largi de produits et services sp\u00e9cialis\u00e9s et adapt\u00e9s. Nous travaillons avec nos clients afin de fournir des solutions adapt\u00e9es \u00e0 leurs d\u00e9fis d\u2019affaires afin d\u2019agir \u00e0 titre de partenaires pour leurs besoins \u00e9nerg\u00e9tiques. Notre but est de d\u00e9passer leurs attentes de fa\u00e7on constante afin de m\u00e9riter leur confiance \u00e0 chaque transaction.<\/p>\n<p>Veuillez prendre note que pour le moment Kildair dessert uniquement les entreprises<\/p>\n\t\n    <div class=\"fl-builder-content fl-builder-content-46294 fl-builder-template fl-builder-module-template fl-builder-global-templates-locked\" data-post-id=\"46294\"><div class=\"fl-module fl-module-spe-module-pardot-form fl-node-vbrejzoqigys\" data-node=\"vbrejzoqigys\">\n\t<div class=\"fl-module-content fl-node-content\">\n\t\t\n\t\n\t<div \n\t\tclass=\"pardot-form-init\" \n\t\tdata-iframe-id=\"pardot-form-vbrejzoqigys\"\n\t\tdata-iframe-src=\"https:\/\/go.spragueenergy.com\/l\/297602\/2020-08-21\/2k8dnt\"><\/div>\n\n\t<\/div>\n<\/div>\n<\/div><div class=\"uabb-js-breakpoint\" style=\"display: none;\"><\/div>","protected":false},"excerpt":{"rendered":"<p>Natural Gas Kildair&#8217;s terminal\u00a0remains predominantly heavy oil focused. This product remains a by-product of oil refining and represents a higher BTU per ton than other fuels. As such, while it [&hellip;]<\/p>\n","protected":false},"author":1,"featured_media":0,"parent":165,"menu_order":0,"comment_status":"closed","ping_status":"closed","template":"","meta":{"_acf_changed":false,"sfsi_plus_gutenberg_text_before_share":"","sfsi_plus_gutenberg_show_text_before_share":"","sfsi_plus_gutenberg_icon_type":"","sfsi_plus_gutenberg_icon_alignemt":"","sfsi_plus_gutenburg_max_per_row":"","footnotes":""},"class_list":["post-357","page","type-page","status-publish","hentry"],"acf":[],"yoast_head":"<!-- This site is optimized with the Yoast SEO Premium plugin v27.4 (Yoast SEO v27.4) - https:\/\/yoast.com\/product\/yoast-seo-premium-wordpress\/ -->\n<title>Maximizing Efficiency with Kildair&#039;s Diverse Bunker Fuel Offering - Sprague Energy<\/title>\n<meta name=\"description\" content=\"Choose Kildair for your bunker fuel needs and experience the flexibility of a diverse supply and wide range of product offerings.\" \/>\n<meta name=\"robots\" content=\"index, follow, max-snippet:-1, max-image-preview:large, max-video-preview:-1\" \/>\n<link rel=\"canonical\" href=\"https:\/\/www.spragueenergy.com\/fr\/kildair\/carburant-de-soute\/\" \/>\n<meta property=\"og:locale\" content=\"fr_CA\" \/>\n<meta property=\"og:type\" content=\"article\" \/>\n<meta property=\"og:title\" content=\"Bunker Fuel\" \/>\n<meta property=\"og:description\" content=\"Choose Kildair for your bunker fuel needs and experience the flexibility of a diverse supply and wide range of product offerings.\" \/>\n<meta property=\"og:url\" content=\"https:\/\/www.spragueenergy.com\/fr\/kildair\/carburant-de-soute\/\" \/>\n<meta property=\"og:site_name\" content=\"Sprague Energy\" \/>\n<meta property=\"article:modified_time\" content=\"2025-06-30T17:48:47+00:00\" \/>\n<meta property=\"og:image\" content=\"https:\/\/www.spragueenergy.com\/wp-content\/uploads\/2024\/04\/Bunker-Fuel-Header.jpg\" \/>\n<meta name=\"twitter:card\" content=\"summary_large_image\" \/>\n<meta name=\"twitter:label1\" content=\"Estimation du temps de lecture\" \/>\n\t<meta name=\"twitter:data1\" content=\"2 minutes\" \/>\n<script type=\"application\/ld+json\" class=\"yoast-schema-graph\">{\"@context\":\"https:\\\/\\\/schema.org\",\"@graph\":[{\"@type\":\"WebPage\",\"@id\":\"https:\\\/\\\/www.spragueenergy.com\\\/kildair\\\/bunker-fuel\\\/\",\"url\":\"https:\\\/\\\/www.spragueenergy.com\\\/kildair\\\/bunker-fuel\\\/\",\"name\":\"Maximizing Efficiency with Kildair's Diverse Bunker Fuel Offering - Sprague Energy\",\"isPartOf\":{\"@id\":\"https:\\\/\\\/www.spragueenergy.com\\\/#website\"},\"primaryImageOfPage\":{\"@id\":\"https:\\\/\\\/www.spragueenergy.com\\\/kildair\\\/bunker-fuel\\\/#primaryimage\"},\"image\":{\"@id\":\"https:\\\/\\\/www.spragueenergy.com\\\/kildair\\\/bunker-fuel\\\/#primaryimage\"},\"thumbnailUrl\":\"https:\\\/\\\/www.spragueenergy.com\\\/wp-content\\\/uploads\\\/2024\\\/04\\\/Bunker-Fuel-Header.jpg\",\"datePublished\":\"2024-04-02T15:46:15+00:00\",\"dateModified\":\"2025-06-30T17:48:47+00:00\",\"description\":\"Choose Kildair for your bunker fuel needs and experience the flexibility of a diverse supply and wide range of product offerings.\",\"breadcrumb\":{\"@id\":\"https:\\\/\\\/www.spragueenergy.com\\\/kildair\\\/bunker-fuel\\\/#breadcrumb\"},\"inLanguage\":\"fr-CA\",\"potentialAction\":[{\"@type\":\"ReadAction\",\"target\":[\"https:\\\/\\\/www.spragueenergy.com\\\/kildair\\\/bunker-fuel\\\/\"]}]},{\"@type\":\"ImageObject\",\"inLanguage\":\"fr-CA\",\"@id\":\"https:\\\/\\\/www.spragueenergy.com\\\/kildair\\\/bunker-fuel\\\/#primaryimage\",\"url\":\"https:\\\/\\\/www.spragueenergy.com\\\/wp-content\\\/uploads\\\/2024\\\/04\\\/Bunker-Fuel-Header.jpg\",\"contentUrl\":\"https:\\\/\\\/www.spragueenergy.com\\\/wp-content\\\/uploads\\\/2024\\\/04\\\/Bunker-Fuel-Header.jpg\"},{\"@type\":\"BreadcrumbList\",\"@id\":\"https:\\\/\\\/www.spragueenergy.com\\\/kildair\\\/bunker-fuel\\\/#breadcrumb\",\"itemListElement\":[{\"@type\":\"ListItem\",\"position\":1,\"name\":\"Home\",\"item\":\"https:\\\/\\\/www.spragueenergy.com\\\/\"},{\"@type\":\"ListItem\",\"position\":2,\"name\":\"Kildair\",\"item\":\"https:\\\/\\\/www.spragueenergy.com\\\/kildair\\\/\"},{\"@type\":\"ListItem\",\"position\":3,\"name\":\"Bunker Fuel\"}]},{\"@type\":\"WebSite\",\"@id\":\"https:\\\/\\\/www.spragueenergy.com\\\/#website\",\"url\":\"https:\\\/\\\/www.spragueenergy.com\\\/\",\"name\":\"Sprague Energy\",\"description\":\"Our Energy Makes the Difference\",\"potentialAction\":[{\"@type\":\"SearchAction\",\"target\":{\"@type\":\"EntryPoint\",\"urlTemplate\":\"https:\\\/\\\/www.spragueenergy.com\\\/?s={search_term_string}\"},\"query-input\":{\"@type\":\"PropertyValueSpecification\",\"valueRequired\":true,\"valueName\":\"search_term_string\"}}],\"inLanguage\":\"fr-CA\"}]}<\/script>\n<!-- \/ Yoast SEO Premium plugin. -->","yoast_head_json":{"title":"Maximizing Efficiency with Kildair's Diverse Bunker Fuel Offering - Sprague Energy","description":"Choose Kildair for your bunker fuel needs and experience the flexibility of a diverse supply and wide range of product offerings.","robots":{"index":"index","follow":"follow","max-snippet":"max-snippet:-1","max-image-preview":"max-image-preview:large","max-video-preview":"max-video-preview:-1"},"canonical":"https:\/\/www.spragueenergy.com\/fr\/kildair\/carburant-de-soute\/","og_locale":"fr_CA","og_type":"article","og_title":"Bunker Fuel","og_description":"Choose Kildair for your bunker fuel needs and experience the flexibility of a diverse supply and wide range of product offerings.","og_url":"https:\/\/www.spragueenergy.com\/fr\/kildair\/carburant-de-soute\/","og_site_name":"Sprague Energy","article_modified_time":"2025-06-30T17:48:47+00:00","og_image":[{"url":"https:\/\/www.spragueenergy.com\/wp-content\/uploads\/2024\/04\/Bunker-Fuel-Header.jpg","type":"","width":"","height":""}],"twitter_card":"summary_large_image","twitter_misc":{"Estimation du temps de lecture":"2 minutes"},"schema":{"@context":"https:\/\/schema.org","@graph":[{"@type":"WebPage","@id":"https:\/\/www.spragueenergy.com\/kildair\/bunker-fuel\/","url":"https:\/\/www.spragueenergy.com\/kildair\/bunker-fuel\/","name":"Maximizing Efficiency with Kildair's Diverse Bunker Fuel Offering - Sprague Energy","isPartOf":{"@id":"https:\/\/www.spragueenergy.com\/#website"},"primaryImageOfPage":{"@id":"https:\/\/www.spragueenergy.com\/kildair\/bunker-fuel\/#primaryimage"},"image":{"@id":"https:\/\/www.spragueenergy.com\/kildair\/bunker-fuel\/#primaryimage"},"thumbnailUrl":"https:\/\/www.spragueenergy.com\/wp-content\/uploads\/2024\/04\/Bunker-Fuel-Header.jpg","datePublished":"2024-04-02T15:46:15+00:00","dateModified":"2025-06-30T17:48:47+00:00","description":"Choose Kildair for your bunker fuel needs and experience the flexibility of a diverse supply and wide range of product offerings.","breadcrumb":{"@id":"https:\/\/www.spragueenergy.com\/kildair\/bunker-fuel\/#breadcrumb"},"inLanguage":"fr-CA","potentialAction":[{"@type":"ReadAction","target":["https:\/\/www.spragueenergy.com\/kildair\/bunker-fuel\/"]}]},{"@type":"ImageObject","inLanguage":"fr-CA","@id":"https:\/\/www.spragueenergy.com\/kildair\/bunker-fuel\/#primaryimage","url":"https:\/\/www.spragueenergy.com\/wp-content\/uploads\/2024\/04\/Bunker-Fuel-Header.jpg","contentUrl":"https:\/\/www.spragueenergy.com\/wp-content\/uploads\/2024\/04\/Bunker-Fuel-Header.jpg"},{"@type":"BreadcrumbList","@id":"https:\/\/www.spragueenergy.com\/kildair\/bunker-fuel\/#breadcrumb","itemListElement":[{"@type":"ListItem","position":1,"name":"Home","item":"https:\/\/www.spragueenergy.com\/"},{"@type":"ListItem","position":2,"name":"Kildair","item":"https:\/\/www.spragueenergy.com\/kildair\/"},{"@type":"ListItem","position":3,"name":"Bunker Fuel"}]},{"@type":"WebSite","@id":"https:\/\/www.spragueenergy.com\/#website","url":"https:\/\/www.spragueenergy.com\/","name":"Sprague Energy","description":"Our Energy Makes the Difference","potentialAction":[{"@type":"SearchAction","target":{"@type":"EntryPoint","urlTemplate":"https:\/\/www.spragueenergy.com\/?s={search_term_string}"},"query-input":{"@type":"PropertyValueSpecification","valueRequired":true,"valueName":"search_term_string"}}],"inLanguage":"fr-CA"}]}},"_links":{"self":[{"href":"https:\/\/www.spragueenergy.com\/fr\/wp-json\/wp\/v2\/pages\/357","targetHints":{"allow":["GET"]}}],"collection":[{"href":"https:\/\/www.spragueenergy.com\/fr\/wp-json\/wp\/v2\/pages"}],"about":[{"href":"https:\/\/www.spragueenergy.com\/fr\/wp-json\/wp\/v2\/types\/page"}],"author":[{"embeddable":true,"href":"https:\/\/www.spragueenergy.com\/fr\/wp-json\/wp\/v2\/users\/1"}],"replies":[{"embeddable":true,"href":"https:\/\/www.spragueenergy.com\/fr\/wp-json\/wp\/v2\/comments?post=357"}],"version-history":[{"count":0,"href":"https:\/\/www.spragueenergy.com\/fr\/wp-json\/wp\/v2\/pages\/357\/revisions"}],"up":[{"embeddable":true,"href":"https:\/\/www.spragueenergy.com\/fr\/wp-json\/wp\/v2\/pages\/165"}],"wp:attachment":[{"href":"https:\/\/www.spragueenergy.com\/fr\/wp-json\/wp\/v2\/media?parent=357"}],"curies":[{"name":"wp","href":"https:\/\/api.w.org\/{rel}","templated":true}]}}