{"id":360,"date":"2024-04-02T15:52:47","date_gmt":"2024-04-02T15:52:47","guid":{"rendered":"https:\/\/spragueoperati.wpenginepowered.com\/?page_id=360"},"modified":"2025-06-30T18:27:41","modified_gmt":"2025-06-30T18:27:41","slug":"liquid-asphalt","status":"publish","type":"page","link":"https:\/\/www.spragueenergy.com\/fr\/kildair\/bitume\/","title":{"rendered":"Bitume"},"content":{"rendered":"<h1>\n\t\t\t\t\t\tNatural Gas\t\t\t\t\t<\/h1>\n\t\t\t\t<img width=\"2500\" height=\"982\" data-src=\"https:\/\/www.spragueenergy.com\/wp-content\/uploads\/2024\/04\/LiquidAsphalt-2500x982.jpg\" alt=\"Close-up view of large industrial metal storage tanks with a fixed ladder and connected piping system, located at a processing or distribution facility.\" decoding=\"async\" data-srcset=\"https:\/\/b3679122.smushcdn.com\/3679122\/wp-content\/uploads\/2024\/04\/LiquidAsphalt-2500x982.jpg?lossy=2&amp;strip=1&amp;webp=1 2500w, https:\/\/b3679122.smushcdn.com\/3679122\/wp-content\/uploads\/2024\/04\/LiquidAsphalt-300x118.jpg?lossy=2&amp;strip=1&amp;webp=1 300w, https:\/\/b3679122.smushcdn.com\/3679122\/wp-content\/uploads\/2024\/04\/LiquidAsphalt-1024x402.jpg?lossy=2&amp;strip=1&amp;webp=1 1024w, https:\/\/b3679122.smushcdn.com\/3679122\/wp-content\/uploads\/2024\/04\/LiquidAsphalt-768x302.jpg?lossy=2&amp;strip=1&amp;webp=1 768w, https:\/\/b3679122.smushcdn.com\/3679122\/wp-content\/uploads\/2024\/04\/LiquidAsphalt-1536x603.jpg?lossy=2&amp;strip=1&amp;webp=1 1536w, https:\/\/b3679122.smushcdn.com\/3679122\/wp-content\/uploads\/2024\/04\/LiquidAsphalt-2048x804.jpg?lossy=2&amp;strip=1&amp;webp=1 2048w, https:\/\/b3679122.smushcdn.com\/3679122\/wp-content\/uploads\/2024\/04\/LiquidAsphalt-18x7.jpg?lossy=2&amp;strip=1&amp;webp=1 18w, https:\/\/b3679122.smushcdn.com\/3679122\/wp-content\/uploads\/2024\/04\/LiquidAsphalt-800x314.jpg?lossy=2&amp;strip=1&amp;webp=1 800w, https:\/\/b3679122.smushcdn.com\/3679122\/wp-content\/uploads\/2024\/04\/LiquidAsphalt-1800x707.jpg?lossy=2&amp;strip=1&amp;webp=1 1800w\" data-sizes=\"(max-width: 2500px) 100vw, 2500px\" src=\"data:image\/svg+xml;base64,PHN2ZyB3aWR0aD0iMSIgaGVpZ2h0PSIxIiB4bWxucz0iaHR0cDovL3d3dy53My5vcmcvMjAwMC9zdmciPjwvc3ZnPg==\" class=\"lazyload\" style=\"--smush-placeholder-width: 2500px; --smush-placeholder-aspect-ratio: 2500\/982;\" \/>\t\t\t\n\t<p class=\"translation-block\">Kildair produit, distribue et entrepose du bitume \u00e0 <a href=\"https:\/\/spragueoperati.wpenginepowered.com\/fr\/kildair\/notre-terminal\/\" target=\"_self\"> Sorel-Tracy<\/a> depuis 2003.<\/p>\n<p>Our significant storage capacity and state-of-the-art technology enable the company to effectively meet our customers&#8217; needs, from conventional road applications to specific industrial requests to polymer-modified liquid asphalt requirements.<\/p>\n<p>Kildair produit donc de multiples grades de bitumes selon les sp\u00e9cifications des clients. Les principaux produits offerts sont:<\/p>\nPG 58S-28<br \/>\nPG52S-34<br \/>\nPG64S-28<br \/>\nPG58S-V-H-E-34<br \/>\nPG 52S-40\n\t\t\t\t<img decoding=\"async\" data-src=\"https:\/\/www.spragueenergy.com\/wp-content\/uploads\/2024\/04\/007A6022-scaled.jpg\" alt=\"Industrial facility with large cylindrical metal storage tanks and multiple interconnected pipes. The image features silver horizontal tanks in the foreground and tall black vertical tanks in the background, along with walkways, ladders, and safety railings, all under a clear blue sky.\" itemprop=\"image\" height=\"2042\" width=\"2560\" title=\"007A6022\" onerror=\"this.style.display='none'\" src=\"data:image\/svg+xml;base64,PHN2ZyB3aWR0aD0iMSIgaGVpZ2h0PSIxIiB4bWxucz0iaHR0cDovL3d3dy53My5vcmcvMjAwMC9zdmciPjwvc3ZnPg==\" class=\"lazyload\" style=\"--smush-placeholder-width: 2560px; --smush-placeholder-aspect-ratio: 2560\/2042;\" \/>\n\t<p>Les produits sp\u00e9ciaux bitumineux (c\u2019est \u00e0 dire des grades vari\u00e9s \u00e0 haute r\u00e9sistance au d\u00e9senrobage, de l'asphalte de m\u00e9lange \u00e0 chaud) sont aussi disponibles et sont conformes aux sp\u00e9cifications du minist\u00e8re des Transports dans les provinces ou \u00e9tats les utilisant.<\/p>\nLe contr\u00f4le qualit\u00e9 est une activit\u00e9 critique de notre compagnie. Pour ce faire, Kildair poss\u00e8de son propre laboratoire \u00e0 Sorel-Tracy (Qu\u00e9bec) accr\u00e9dit\u00e9 AASHTO depuis 2004. Cette accr\u00e9ditation est \u00e9mise par APP (AASHTO Accreditation Program) et se limite au laboratoire et aux normes pour lesquelles notre laboratoire est accr\u00e9dit\u00e9.<br \/>\nNotre laboratoire dispose \u00e9galement d'\u00e9quipements et de technologies de pointe pour les essais et la caract\u00e9risation du bitume. Gr\u00e2ce \u00e0 une \u00e9quipe exp\u00e9riment\u00e9e et qualifi\u00e9e, Kildair adopte des mesures rigoureuses pour assurer la qualit\u00e9 de ses produits.\n<p>Depuis 2023, Kildair a choisi d\u2019\u00e9tablir un partenariat avec Suncor en prenant avantage de leur large r\u00e9seau et de leur capacit\u00e9 de vente, tout en s\u2019appuyant sur la capacit\u00e9 op\u00e9rationnelle et de production de notre site de Sorel-Tracy.<\/p>\n\t\t\t\t<img decoding=\"async\" data-src=\"https:\/\/www.spragueenergy.com\/wp-content\/uploads\/2024\/04\/kildair-service-logo.png\" alt=\"kildair service logo\" itemprop=\"image\" height=\"106\" width=\"172\" title=\"kildair service logo\" onerror=\"this.style.display='none'\" src=\"data:image\/svg+xml;base64,PHN2ZyB3aWR0aD0iMSIgaGVpZ2h0PSIxIiB4bWxucz0iaHR0cDovL3d3dy53My5vcmcvMjAwMC9zdmciPjwvc3ZnPg==\" class=\"lazyload\" style=\"--smush-placeholder-width: 172px; --smush-placeholder-aspect-ratio: 172\/106;\" \/>\n<h2>\n\t\tAssociez-vous \u00e0 Kildair\n\t<\/h2>\n\t<p>\u00c0 titre de chef de file r\u00e9gional de l\u2019industrie du bitume et des mazouts lourds sp\u00e9cialis\u00e9s, Kildair offre un \u00e9ventail \u00e9largi de produits et services sp\u00e9cialis\u00e9s et adapt\u00e9s. Nous travaillons avec nos clients afin de fournir des solutions adapt\u00e9es \u00e0 leurs d\u00e9fis d\u2019affaires afin d\u2019agir \u00e0 titre de partenaires pour leurs besoins \u00e9nerg\u00e9tiques. Notre but est de d\u00e9passer leurs attentes de fa\u00e7on constante afin de m\u00e9riter leur confiance \u00e0 chaque transaction.<\/p>\n<p>Veuillez prendre note que pour le moment Kildair dessert uniquement les entreprises<\/p>\n\t\n    <div class=\"fl-builder-content fl-builder-content-46294 fl-builder-template fl-builder-module-template fl-builder-global-templates-locked\" data-post-id=\"46294\"><div class=\"fl-module fl-module-spe-module-pardot-form fl-node-vbrejzoqigys\" data-node=\"vbrejzoqigys\">\n\t<div class=\"fl-module-content fl-node-content\">\n\t\t\n\t\n\t<div \n\t\tclass=\"pardot-form-init\" \n\t\tdata-iframe-id=\"pardot-form-vbrejzoqigys\"\n\t\tdata-iframe-src=\"https:\/\/go.spragueenergy.com\/l\/297602\/2020-08-21\/2k8dnt\"><\/div>\n\n\t<\/div>\n<\/div>\n<\/div><div class=\"uabb-js-breakpoint\" style=\"display: none;\"><\/div>","protected":false},"excerpt":{"rendered":"<p>Natural Gas Kildair has produced, distributed and stored liquid asphalt at its\u00a0Sorel-Tracy terminal\u00a0since 2003. Our significant storage capacity and state-of-the-art technology enable the company to effectively meet our customers&#8217; needs, [&hellip;]<\/p>\n","protected":false},"author":1,"featured_media":0,"parent":165,"menu_order":0,"comment_status":"closed","ping_status":"closed","template":"","meta":{"_acf_changed":false,"sfsi_plus_gutenberg_text_before_share":"","sfsi_plus_gutenberg_show_text_before_share":"","sfsi_plus_gutenberg_icon_type":"","sfsi_plus_gutenberg_icon_alignemt":"","sfsi_plus_gutenburg_max_per_row":"","footnotes":""},"class_list":["post-360","page","type-page","status-publish","hentry"],"acf":[],"yoast_head":"<!-- This site is optimized with the Yoast SEO Premium plugin v27.4 (Yoast SEO v27.6) - https:\/\/yoast.com\/product\/yoast-seo-premium-wordpress\/ -->\n<title>Liquid Asphalt: From Road Applications to Industrial Requirements - Sprague Energy<\/title>\n<meta name=\"description\" content=\"Trust Kildair for your liquid asphalt requirements. Our extensive storage capacity and advanced technology allow us to meet customer needs.\" \/>\n<meta name=\"robots\" content=\"index, follow, max-snippet:-1, max-image-preview:large, max-video-preview:-1\" \/>\n<link rel=\"canonical\" href=\"https:\/\/www.spragueenergy.com\/fr\/kildair\/bitume\/\" \/>\n<meta property=\"og:locale\" content=\"fr_CA\" \/>\n<meta property=\"og:type\" content=\"article\" \/>\n<meta property=\"og:title\" content=\"Liquid Asphalt\" \/>\n<meta property=\"og:description\" content=\"Trust Kildair for your liquid asphalt requirements. Our extensive storage capacity and advanced technology allow us to meet customer needs.\" \/>\n<meta property=\"og:url\" content=\"https:\/\/www.spragueenergy.com\/fr\/kildair\/bitume\/\" \/>\n<meta property=\"og:site_name\" content=\"Sprague Energy\" \/>\n<meta property=\"article:modified_time\" content=\"2025-06-30T18:27:41+00:00\" \/>\n<meta property=\"og:image\" content=\"https:\/\/www.spragueenergy.com\/wp-content\/uploads\/2024\/04\/LiquidAsphalt-2500x982.jpg\" \/>\n<meta name=\"twitter:card\" content=\"summary_large_image\" \/>\n<meta name=\"twitter:label1\" content=\"Estimation du temps de lecture\" \/>\n\t<meta name=\"twitter:data1\" content=\"2 minutes\" \/>\n<script type=\"application\/ld+json\" class=\"yoast-schema-graph\">{\"@context\":\"https:\\\/\\\/schema.org\",\"@graph\":[{\"@type\":\"WebPage\",\"@id\":\"https:\\\/\\\/www.spragueenergy.com\\\/kildair\\\/liquid-asphalt\\\/\",\"url\":\"https:\\\/\\\/www.spragueenergy.com\\\/kildair\\\/liquid-asphalt\\\/\",\"name\":\"Liquid Asphalt: From Road Applications to Industrial Requirements - Sprague Energy\",\"isPartOf\":{\"@id\":\"https:\\\/\\\/www.spragueenergy.com\\\/#website\"},\"primaryImageOfPage\":{\"@id\":\"https:\\\/\\\/www.spragueenergy.com\\\/kildair\\\/liquid-asphalt\\\/#primaryimage\"},\"image\":{\"@id\":\"https:\\\/\\\/www.spragueenergy.com\\\/kildair\\\/liquid-asphalt\\\/#primaryimage\"},\"thumbnailUrl\":\"https:\\\/\\\/www.spragueenergy.com\\\/wp-content\\\/uploads\\\/2024\\\/04\\\/LiquidAsphalt-2500x982.jpg\",\"datePublished\":\"2024-04-02T15:52:47+00:00\",\"dateModified\":\"2025-06-30T18:27:41+00:00\",\"description\":\"Trust Kildair for your liquid asphalt requirements. Our extensive storage capacity and advanced technology allow us to meet customer needs.\",\"breadcrumb\":{\"@id\":\"https:\\\/\\\/www.spragueenergy.com\\\/kildair\\\/liquid-asphalt\\\/#breadcrumb\"},\"inLanguage\":\"fr-CA\",\"potentialAction\":[{\"@type\":\"ReadAction\",\"target\":[\"https:\\\/\\\/www.spragueenergy.com\\\/kildair\\\/liquid-asphalt\\\/\"]}]},{\"@type\":\"ImageObject\",\"inLanguage\":\"fr-CA\",\"@id\":\"https:\\\/\\\/www.spragueenergy.com\\\/kildair\\\/liquid-asphalt\\\/#primaryimage\",\"url\":\"https:\\\/\\\/www.spragueenergy.com\\\/wp-content\\\/uploads\\\/2024\\\/04\\\/LiquidAsphalt-2500x982.jpg\",\"contentUrl\":\"https:\\\/\\\/www.spragueenergy.com\\\/wp-content\\\/uploads\\\/2024\\\/04\\\/LiquidAsphalt-2500x982.jpg\"},{\"@type\":\"BreadcrumbList\",\"@id\":\"https:\\\/\\\/www.spragueenergy.com\\\/kildair\\\/liquid-asphalt\\\/#breadcrumb\",\"itemListElement\":[{\"@type\":\"ListItem\",\"position\":1,\"name\":\"Home\",\"item\":\"https:\\\/\\\/www.spragueenergy.com\\\/\"},{\"@type\":\"ListItem\",\"position\":2,\"name\":\"Kildair\",\"item\":\"https:\\\/\\\/www.spragueenergy.com\\\/kildair\\\/\"},{\"@type\":\"ListItem\",\"position\":3,\"name\":\"Liquid Asphalt\"}]},{\"@type\":\"WebSite\",\"@id\":\"https:\\\/\\\/www.spragueenergy.com\\\/#website\",\"url\":\"https:\\\/\\\/www.spragueenergy.com\\\/\",\"name\":\"Sprague Energy\",\"description\":\"Our Energy Makes the Difference\",\"potentialAction\":[{\"@type\":\"SearchAction\",\"target\":{\"@type\":\"EntryPoint\",\"urlTemplate\":\"https:\\\/\\\/www.spragueenergy.com\\\/?s={search_term_string}\"},\"query-input\":{\"@type\":\"PropertyValueSpecification\",\"valueRequired\":true,\"valueName\":\"search_term_string\"}}],\"inLanguage\":\"fr-CA\"}]}<\/script>\n<!-- \/ Yoast SEO Premium plugin. -->","yoast_head_json":{"title":"Liquid Asphalt: From Road Applications to Industrial Requirements - Sprague Energy","description":"Trust Kildair for your liquid asphalt requirements. Our extensive storage capacity and advanced technology allow us to meet customer needs.","robots":{"index":"index","follow":"follow","max-snippet":"max-snippet:-1","max-image-preview":"max-image-preview:large","max-video-preview":"max-video-preview:-1"},"canonical":"https:\/\/www.spragueenergy.com\/fr\/kildair\/bitume\/","og_locale":"fr_CA","og_type":"article","og_title":"Liquid Asphalt","og_description":"Trust Kildair for your liquid asphalt requirements. Our extensive storage capacity and advanced technology allow us to meet customer needs.","og_url":"https:\/\/www.spragueenergy.com\/fr\/kildair\/bitume\/","og_site_name":"Sprague Energy","article_modified_time":"2025-06-30T18:27:41+00:00","og_image":[{"url":"https:\/\/www.spragueenergy.com\/wp-content\/uploads\/2024\/04\/LiquidAsphalt-2500x982.jpg","type":"","width":"","height":""}],"twitter_card":"summary_large_image","twitter_misc":{"Estimation du temps de lecture":"2 minutes"},"schema":{"@context":"https:\/\/schema.org","@graph":[{"@type":"WebPage","@id":"https:\/\/www.spragueenergy.com\/kildair\/liquid-asphalt\/","url":"https:\/\/www.spragueenergy.com\/kildair\/liquid-asphalt\/","name":"Liquid Asphalt: From Road Applications to Industrial Requirements - Sprague Energy","isPartOf":{"@id":"https:\/\/www.spragueenergy.com\/#website"},"primaryImageOfPage":{"@id":"https:\/\/www.spragueenergy.com\/kildair\/liquid-asphalt\/#primaryimage"},"image":{"@id":"https:\/\/www.spragueenergy.com\/kildair\/liquid-asphalt\/#primaryimage"},"thumbnailUrl":"https:\/\/www.spragueenergy.com\/wp-content\/uploads\/2024\/04\/LiquidAsphalt-2500x982.jpg","datePublished":"2024-04-02T15:52:47+00:00","dateModified":"2025-06-30T18:27:41+00:00","description":"Trust Kildair for your liquid asphalt requirements. Our extensive storage capacity and advanced technology allow us to meet customer needs.","breadcrumb":{"@id":"https:\/\/www.spragueenergy.com\/kildair\/liquid-asphalt\/#breadcrumb"},"inLanguage":"fr-CA","potentialAction":[{"@type":"ReadAction","target":["https:\/\/www.spragueenergy.com\/kildair\/liquid-asphalt\/"]}]},{"@type":"ImageObject","inLanguage":"fr-CA","@id":"https:\/\/www.spragueenergy.com\/kildair\/liquid-asphalt\/#primaryimage","url":"https:\/\/www.spragueenergy.com\/wp-content\/uploads\/2024\/04\/LiquidAsphalt-2500x982.jpg","contentUrl":"https:\/\/www.spragueenergy.com\/wp-content\/uploads\/2024\/04\/LiquidAsphalt-2500x982.jpg"},{"@type":"BreadcrumbList","@id":"https:\/\/www.spragueenergy.com\/kildair\/liquid-asphalt\/#breadcrumb","itemListElement":[{"@type":"ListItem","position":1,"name":"Home","item":"https:\/\/www.spragueenergy.com\/"},{"@type":"ListItem","position":2,"name":"Kildair","item":"https:\/\/www.spragueenergy.com\/kildair\/"},{"@type":"ListItem","position":3,"name":"Liquid Asphalt"}]},{"@type":"WebSite","@id":"https:\/\/www.spragueenergy.com\/#website","url":"https:\/\/www.spragueenergy.com\/","name":"Sprague Energy","description":"Our Energy Makes the Difference","potentialAction":[{"@type":"SearchAction","target":{"@type":"EntryPoint","urlTemplate":"https:\/\/www.spragueenergy.com\/?s={search_term_string}"},"query-input":{"@type":"PropertyValueSpecification","valueRequired":true,"valueName":"search_term_string"}}],"inLanguage":"fr-CA"}]}},"_links":{"self":[{"href":"https:\/\/www.spragueenergy.com\/fr\/wp-json\/wp\/v2\/pages\/360","targetHints":{"allow":["GET"]}}],"collection":[{"href":"https:\/\/www.spragueenergy.com\/fr\/wp-json\/wp\/v2\/pages"}],"about":[{"href":"https:\/\/www.spragueenergy.com\/fr\/wp-json\/wp\/v2\/types\/page"}],"author":[{"embeddable":true,"href":"https:\/\/www.spragueenergy.com\/fr\/wp-json\/wp\/v2\/users\/1"}],"replies":[{"embeddable":true,"href":"https:\/\/www.spragueenergy.com\/fr\/wp-json\/wp\/v2\/comments?post=360"}],"version-history":[{"count":0,"href":"https:\/\/www.spragueenergy.com\/fr\/wp-json\/wp\/v2\/pages\/360\/revisions"}],"up":[{"embeddable":true,"href":"https:\/\/www.spragueenergy.com\/fr\/wp-json\/wp\/v2\/pages\/165"}],"wp:attachment":[{"href":"https:\/\/www.spragueenergy.com\/fr\/wp-json\/wp\/v2\/media?parent=360"}],"curies":[{"name":"wp","href":"https:\/\/api.w.org\/{rel}","templated":true}]}}