{"id":363,"date":"2024-04-02T15:56:12","date_gmt":"2024-04-02T15:56:12","guid":{"rendered":"https:\/\/spragueoperati.wpenginepowered.com\/?page_id=363"},"modified":"2025-06-30T18:40:52","modified_gmt":"2025-06-30T18:40:52","slug":"transportation","status":"publish","type":"page","link":"https:\/\/www.spragueenergy.com\/fr\/kildair\/services-de-transport\/","title":{"rendered":"Transport"},"content":{"rendered":"<h1>\n\t\t\t\t\t\tNatural Gas\t\t\t\t\t<\/h1>\n\t\t\t\t<img width=\"2400\" height=\"943\" data-src=\"https:\/\/www.spragueenergy.com\/wp-content\/uploads\/2024\/04\/Transportation.jpg\" alt=\"Close-up view of a row of white semi-trucks parked in a lot. The truck in the foreground displays the number 19313 in red near the windshield. The image highlights the sleek design and alignment of the vehicles.\" decoding=\"async\" data-srcset=\"https:\/\/b3679122.smushcdn.com\/3679122\/wp-content\/uploads\/2024\/04\/Transportation.jpg?lossy=2&amp;strip=1&amp;webp=1 2400w, https:\/\/b3679122.smushcdn.com\/3679122\/wp-content\/uploads\/2024\/04\/Transportation-300x118.jpg?lossy=2&amp;strip=1&amp;webp=1 300w, https:\/\/b3679122.smushcdn.com\/3679122\/wp-content\/uploads\/2024\/04\/Transportation-1024x402.jpg?lossy=2&amp;strip=1&amp;webp=1 1024w, https:\/\/b3679122.smushcdn.com\/3679122\/wp-content\/uploads\/2024\/04\/Transportation-768x302.jpg?lossy=2&amp;strip=1&amp;webp=1 768w, https:\/\/b3679122.smushcdn.com\/3679122\/wp-content\/uploads\/2024\/04\/Transportation-1536x604.jpg?lossy=2&amp;strip=1&amp;webp=1 1536w, https:\/\/b3679122.smushcdn.com\/3679122\/wp-content\/uploads\/2024\/04\/Transportation-2048x805.jpg?lossy=2&amp;strip=1&amp;webp=1 2048w, https:\/\/b3679122.smushcdn.com\/3679122\/wp-content\/uploads\/2024\/04\/Transportation-18x7.jpg?lossy=2&amp;strip=1&amp;webp=1 18w, https:\/\/b3679122.smushcdn.com\/3679122\/wp-content\/uploads\/2024\/04\/Transportation-800x314.jpg?lossy=2&amp;strip=1&amp;webp=1 800w, https:\/\/b3679122.smushcdn.com\/3679122\/wp-content\/uploads\/2024\/04\/Transportation-1800x707.jpg?lossy=2&amp;strip=1&amp;webp=1 1800w\" data-sizes=\"(max-width: 2400px) 100vw, 2400px\" src=\"data:image\/svg+xml;base64,PHN2ZyB3aWR0aD0iMSIgaGVpZ2h0PSIxIiB4bWxucz0iaHR0cDovL3d3dy53My5vcmcvMjAwMC9zdmciPjwvc3ZnPg==\" class=\"lazyload\" style=\"--smush-placeholder-width: 2400px; --smush-placeholder-aspect-ratio: 2400\/943;\" \/>\t\t\t\n\t<p>Kildair est aussi une chef de file dans son secteur en raison de ses services de transport rapides, fiables et diversifi\u00e9s.<\/p>\n<p>Kildair poss\u00e8de sa propre flotte de camions, remorques, citernes, wagons citernes et camions-pompes. La compagnie poss\u00e8de l\u2019exp\u00e9rience et l\u2019expertise requise pour offrir \u00e0 ses clients le carburant dont ils ont besoin et l\u00e0 o\u00f9 ils en ont besoin.<\/p>\n<p class=\"translation-block\"><a href=\"https:\/\/spragueoperati.wpenginepowered.com\/fr\/kildair\/notre-terminal\/\" target=\"_self\"> Le terminal<\/a> est \u00e9quip\u00e9 de 12 rampes de chargement incluant deux avec balance, permettant ainsi d\u2019offrir un chargement rapide et simultan\u00e9 des citernes et\/ou des wagons, utilisant des dispositifs de mesures certifi\u00e9es.<\/p>\n<p>Kildair continue de livrer depuis plusieurs ann\u00e9es sur l\u2019\u00e9tendue du territoire, ce qui comprend le nord du Qu\u00e9bec, certains \u00e9tats am\u00e9ricains, mais aussi l\u2019Ontario et les Maritimes.<\/p>\n\t\t\t\t<img decoding=\"async\" data-src=\"https:\/\/www.spragueenergy.com\/wp-content\/uploads\/2024\/04\/kildair-service-logo.png\" alt=\"kildair service logo\" itemprop=\"image\" height=\"106\" width=\"172\" title=\"kildair service logo\" onerror=\"this.style.display='none'\" src=\"data:image\/svg+xml;base64,PHN2ZyB3aWR0aD0iMSIgaGVpZ2h0PSIxIiB4bWxucz0iaHR0cDovL3d3dy53My5vcmcvMjAwMC9zdmciPjwvc3ZnPg==\" class=\"lazyload\" style=\"--smush-placeholder-width: 172px; --smush-placeholder-aspect-ratio: 172\/106;\" \/>\n<h2>\n\t\tAssociez-vous \u00e0 Kildair\n\t<\/h2>\n\t<p>\u00c0 titre de chef de file r\u00e9gional de l\u2019industrie du bitume et des mazouts lourds sp\u00e9cialis\u00e9s, Kildair offre un \u00e9ventail \u00e9largi de produits et services sp\u00e9cialis\u00e9s et adapt\u00e9s. Nous travaillons avec nos clients afin de fournir des solutions adapt\u00e9es \u00e0 leurs d\u00e9fis d\u2019affaires afin d\u2019agir \u00e0 titre de partenaires pour leurs besoins \u00e9nerg\u00e9tiques. Notre but est de d\u00e9passer leurs attentes de fa\u00e7on constante afin de m\u00e9riter leur confiance \u00e0 chaque transaction.<\/p>\n<p>Veuillez prendre note que pour le moment Kildair dessert uniquement les entreprises<\/p>\n\t\n    <div class=\"fl-builder-content fl-builder-content-46294 fl-builder-template fl-builder-module-template fl-builder-global-templates-locked\" data-post-id=\"46294\"><div class=\"fl-module fl-module-spe-module-pardot-form fl-node-vbrejzoqigys\" data-node=\"vbrejzoqigys\">\n\t<div class=\"fl-module-content fl-node-content\">\n\t\t\n\t\n\t<div \n\t\tclass=\"pardot-form-init\" \n\t\tdata-iframe-id=\"pardot-form-vbrejzoqigys\"\n\t\tdata-iframe-src=\"https:\/\/go.spragueenergy.com\/l\/297602\/2020-08-21\/2k8dnt\"><\/div>\n\n\t<\/div>\n<\/div>\n<\/div><div class=\"uabb-js-breakpoint\" style=\"display: none;\"><\/div>","protected":false},"excerpt":{"rendered":"<p>Natural Gas Kildair is also an industry leader thanks to fast, reliable and diversified transportation services. Kildair has its own fleet of trucks, trailers, tank cars and pump trucks. The [&hellip;]<\/p>\n","protected":false},"author":1,"featured_media":0,"parent":165,"menu_order":0,"comment_status":"closed","ping_status":"closed","template":"","meta":{"_acf_changed":false,"sfsi_plus_gutenberg_text_before_share":"","sfsi_plus_gutenberg_show_text_before_share":"","sfsi_plus_gutenberg_icon_type":"","sfsi_plus_gutenberg_icon_alignemt":"","sfsi_plus_gutenburg_max_per_row":"","footnotes":""},"class_list":["post-363","page","type-page","status-publish","hentry"],"acf":[],"yoast_head":"<!-- This site is optimized with the Yoast SEO Premium plugin v27.3 (Yoast SEO v27.4) - https:\/\/yoast.com\/product\/yoast-seo-premium-wordpress\/ -->\n<title>Experience the Excellence of Kildair&#039;s Transportation Services - Sprague Energy<\/title>\n<meta name=\"description\" content=\"Experience reliable transportation services with Kildair. From fuel delivery to personalized solutions, we&#039;re your partner in energy.\" \/>\n<meta name=\"robots\" content=\"index, follow, max-snippet:-1, max-image-preview:large, max-video-preview:-1\" \/>\n<link rel=\"canonical\" href=\"https:\/\/www.spragueenergy.com\/fr\/kildair\/services-de-transport\/\" \/>\n<meta property=\"og:locale\" content=\"fr_CA\" \/>\n<meta property=\"og:type\" content=\"article\" \/>\n<meta property=\"og:title\" content=\"Transportation\" \/>\n<meta property=\"og:description\" content=\"Experience reliable transportation services with Kildair. From fuel delivery to personalized solutions, we&#039;re your partner in energy.\" \/>\n<meta property=\"og:url\" content=\"https:\/\/www.spragueenergy.com\/fr\/kildair\/services-de-transport\/\" \/>\n<meta property=\"og:site_name\" content=\"Sprague Energy\" \/>\n<meta property=\"article:modified_time\" content=\"2025-06-30T18:40:52+00:00\" \/>\n<meta property=\"og:image\" content=\"https:\/\/www.spragueenergy.com\/wp-content\/uploads\/2024\/04\/Transportation.jpg\" \/>\n<meta name=\"twitter:card\" content=\"summary_large_image\" \/>\n<meta name=\"twitter:label1\" content=\"Estimation du temps de lecture\" \/>\n\t<meta name=\"twitter:data1\" content=\"2 minutes\" \/>\n<script type=\"application\/ld+json\" class=\"yoast-schema-graph\">{\"@context\":\"https:\\\/\\\/schema.org\",\"@graph\":[{\"@type\":\"WebPage\",\"@id\":\"https:\\\/\\\/www.spragueenergy.com\\\/kildair\\\/transportation\\\/\",\"url\":\"https:\\\/\\\/www.spragueenergy.com\\\/kildair\\\/transportation\\\/\",\"name\":\"Experience the Excellence of Kildair's Transportation Services - Sprague Energy\",\"isPartOf\":{\"@id\":\"https:\\\/\\\/www.spragueenergy.com\\\/#website\"},\"primaryImageOfPage\":{\"@id\":\"https:\\\/\\\/www.spragueenergy.com\\\/kildair\\\/transportation\\\/#primaryimage\"},\"image\":{\"@id\":\"https:\\\/\\\/www.spragueenergy.com\\\/kildair\\\/transportation\\\/#primaryimage\"},\"thumbnailUrl\":\"https:\\\/\\\/www.spragueenergy.com\\\/wp-content\\\/uploads\\\/2024\\\/04\\\/Transportation.jpg\",\"datePublished\":\"2024-04-02T15:56:12+00:00\",\"dateModified\":\"2025-06-30T18:40:52+00:00\",\"description\":\"Experience reliable transportation services with Kildair. From fuel delivery to personalized solutions, we're your partner in energy.\",\"breadcrumb\":{\"@id\":\"https:\\\/\\\/www.spragueenergy.com\\\/kildair\\\/transportation\\\/#breadcrumb\"},\"inLanguage\":\"fr-CA\",\"potentialAction\":[{\"@type\":\"ReadAction\",\"target\":[\"https:\\\/\\\/www.spragueenergy.com\\\/kildair\\\/transportation\\\/\"]}]},{\"@type\":\"ImageObject\",\"inLanguage\":\"fr-CA\",\"@id\":\"https:\\\/\\\/www.spragueenergy.com\\\/kildair\\\/transportation\\\/#primaryimage\",\"url\":\"https:\\\/\\\/www.spragueenergy.com\\\/wp-content\\\/uploads\\\/2024\\\/04\\\/Transportation.jpg\",\"contentUrl\":\"https:\\\/\\\/www.spragueenergy.com\\\/wp-content\\\/uploads\\\/2024\\\/04\\\/Transportation.jpg\"},{\"@type\":\"BreadcrumbList\",\"@id\":\"https:\\\/\\\/www.spragueenergy.com\\\/kildair\\\/transportation\\\/#breadcrumb\",\"itemListElement\":[{\"@type\":\"ListItem\",\"position\":1,\"name\":\"Home\",\"item\":\"https:\\\/\\\/www.spragueenergy.com\\\/\"},{\"@type\":\"ListItem\",\"position\":2,\"name\":\"Kildair\",\"item\":\"https:\\\/\\\/www.spragueenergy.com\\\/kildair\\\/\"},{\"@type\":\"ListItem\",\"position\":3,\"name\":\"Transportation\"}]},{\"@type\":\"WebSite\",\"@id\":\"https:\\\/\\\/www.spragueenergy.com\\\/#website\",\"url\":\"https:\\\/\\\/www.spragueenergy.com\\\/\",\"name\":\"Sprague Energy\",\"description\":\"Our Energy Makes the Difference\",\"potentialAction\":[{\"@type\":\"SearchAction\",\"target\":{\"@type\":\"EntryPoint\",\"urlTemplate\":\"https:\\\/\\\/www.spragueenergy.com\\\/?s={search_term_string}\"},\"query-input\":{\"@type\":\"PropertyValueSpecification\",\"valueRequired\":true,\"valueName\":\"search_term_string\"}}],\"inLanguage\":\"fr-CA\"}]}<\/script>\n<!-- \/ Yoast SEO Premium plugin. -->","yoast_head_json":{"title":"Experience the Excellence of Kildair's Transportation Services - Sprague Energy","description":"Experience reliable transportation services with Kildair. From fuel delivery to personalized solutions, we're your partner in energy.","robots":{"index":"index","follow":"follow","max-snippet":"max-snippet:-1","max-image-preview":"max-image-preview:large","max-video-preview":"max-video-preview:-1"},"canonical":"https:\/\/www.spragueenergy.com\/fr\/kildair\/services-de-transport\/","og_locale":"fr_CA","og_type":"article","og_title":"Transportation","og_description":"Experience reliable transportation services with Kildair. From fuel delivery to personalized solutions, we're your partner in energy.","og_url":"https:\/\/www.spragueenergy.com\/fr\/kildair\/services-de-transport\/","og_site_name":"Sprague Energy","article_modified_time":"2025-06-30T18:40:52+00:00","og_image":[{"url":"https:\/\/www.spragueenergy.com\/wp-content\/uploads\/2024\/04\/Transportation.jpg","type":"","width":"","height":""}],"twitter_card":"summary_large_image","twitter_misc":{"Estimation du temps de lecture":"2 minutes"},"schema":{"@context":"https:\/\/schema.org","@graph":[{"@type":"WebPage","@id":"https:\/\/www.spragueenergy.com\/kildair\/transportation\/","url":"https:\/\/www.spragueenergy.com\/kildair\/transportation\/","name":"Experience the Excellence of Kildair's Transportation Services - Sprague Energy","isPartOf":{"@id":"https:\/\/www.spragueenergy.com\/#website"},"primaryImageOfPage":{"@id":"https:\/\/www.spragueenergy.com\/kildair\/transportation\/#primaryimage"},"image":{"@id":"https:\/\/www.spragueenergy.com\/kildair\/transportation\/#primaryimage"},"thumbnailUrl":"https:\/\/www.spragueenergy.com\/wp-content\/uploads\/2024\/04\/Transportation.jpg","datePublished":"2024-04-02T15:56:12+00:00","dateModified":"2025-06-30T18:40:52+00:00","description":"Experience reliable transportation services with Kildair. From fuel delivery to personalized solutions, we're your partner in energy.","breadcrumb":{"@id":"https:\/\/www.spragueenergy.com\/kildair\/transportation\/#breadcrumb"},"inLanguage":"fr-CA","potentialAction":[{"@type":"ReadAction","target":["https:\/\/www.spragueenergy.com\/kildair\/transportation\/"]}]},{"@type":"ImageObject","inLanguage":"fr-CA","@id":"https:\/\/www.spragueenergy.com\/kildair\/transportation\/#primaryimage","url":"https:\/\/www.spragueenergy.com\/wp-content\/uploads\/2024\/04\/Transportation.jpg","contentUrl":"https:\/\/www.spragueenergy.com\/wp-content\/uploads\/2024\/04\/Transportation.jpg"},{"@type":"BreadcrumbList","@id":"https:\/\/www.spragueenergy.com\/kildair\/transportation\/#breadcrumb","itemListElement":[{"@type":"ListItem","position":1,"name":"Home","item":"https:\/\/www.spragueenergy.com\/"},{"@type":"ListItem","position":2,"name":"Kildair","item":"https:\/\/www.spragueenergy.com\/kildair\/"},{"@type":"ListItem","position":3,"name":"Transportation"}]},{"@type":"WebSite","@id":"https:\/\/www.spragueenergy.com\/#website","url":"https:\/\/www.spragueenergy.com\/","name":"Sprague Energy","description":"Our Energy Makes the Difference","potentialAction":[{"@type":"SearchAction","target":{"@type":"EntryPoint","urlTemplate":"https:\/\/www.spragueenergy.com\/?s={search_term_string}"},"query-input":{"@type":"PropertyValueSpecification","valueRequired":true,"valueName":"search_term_string"}}],"inLanguage":"fr-CA"}]}},"_links":{"self":[{"href":"https:\/\/www.spragueenergy.com\/fr\/wp-json\/wp\/v2\/pages\/363","targetHints":{"allow":["GET"]}}],"collection":[{"href":"https:\/\/www.spragueenergy.com\/fr\/wp-json\/wp\/v2\/pages"}],"about":[{"href":"https:\/\/www.spragueenergy.com\/fr\/wp-json\/wp\/v2\/types\/page"}],"author":[{"embeddable":true,"href":"https:\/\/www.spragueenergy.com\/fr\/wp-json\/wp\/v2\/users\/1"}],"replies":[{"embeddable":true,"href":"https:\/\/www.spragueenergy.com\/fr\/wp-json\/wp\/v2\/comments?post=363"}],"version-history":[{"count":0,"href":"https:\/\/www.spragueenergy.com\/fr\/wp-json\/wp\/v2\/pages\/363\/revisions"}],"up":[{"embeddable":true,"href":"https:\/\/www.spragueenergy.com\/fr\/wp-json\/wp\/v2\/pages\/165"}],"wp:attachment":[{"href":"https:\/\/www.spragueenergy.com\/fr\/wp-json\/wp\/v2\/media?parent=363"}],"curies":[{"name":"wp","href":"https:\/\/api.w.org\/{rel}","templated":true}]}}